{"id":3939,"date":"2022-07-14T22:46:17","date_gmt":"2022-07-14T22:46:17","guid":{"rendered":"https:\/\/fss.gob.gt\/es\/?page_id=3939"},"modified":"2023-12-19T15:59:18","modified_gmt":"2023-12-19T21:59:18","slug":"req-municipalidades","status":"publish","type":"page","link":"https:\/\/fss.gob.gt\/es\/req-municipalidades\/","title":{"rendered":"Requerimientos de Municipalidades"},"content":{"rendered":"<div class=\"wpb-content-wrapper\"><p>[vc_row full_width=\u00bbstretch_row\u00bb content_placement=\u00bbmiddle\u00bb css=\u00bb.vc_custom_1657840024255{padding-top: 25px !important;padding-bottom: 55px !important;background-color: #eeeeee !important;}\u00bb][vc_column][vc_row_inner equal_height=\u00bbyes\u00bb content_placement=\u00bbmiddle\u00bb][vc_column_inner css=\u00bb.vc_custom_1575390506246{margin-top: 30px !important;margin-bottom: 30px !important;}\u00bb]<div id=\"ultimate-heading-349469f8d4d39b57c\" class=\"uvc-heading ult-adjust-bottom-margin ultimate-heading-349469f8d4d39b57c uvc-7498  uvc-heading-default-font-sizes\" data-hspacer=\"no_spacer\"  data-halign=\"center\" style=\"text-align:center\"><div class=\"uvc-heading-spacer no_spacer\" style=\"top\"><\/div><div class=\"uvc-main-heading ult-responsive\"  data-ultimate-target='.uvc-heading.ultimate-heading-349469f8d4d39b57c h3'  data-responsive-json-new='{\"font-size\":\"\",\"line-height\":\"\"}' ><h3 style=\"font-weight:bold;color:#148ba9;margin-bottom:20px;\">Datos del Solicitante<\/h3><\/div><\/div>\n<div class=\"wpcf7 no-js\" id=\"wpcf7-f3938-o1\" lang=\"es-ES\" dir=\"ltr\" data-wpcf7-id=\"3938\">\n<div class=\"screen-reader-response\"><p role=\"status\" aria-live=\"polite\" aria-atomic=\"true\"><\/p> <ul><\/ul><\/div>\n<form action=\"\/es\/wp-json\/wp\/v2\/pages\/3939#wpcf7-f3938-o1\" method=\"post\" class=\"wpcf7-form init\" aria-label=\"Formulario de contacto\" novalidate=\"novalidate\" data-status=\"init\">\n<div style=\"display: none;\">\n<input type=\"hidden\" name=\"_wpcf7\" value=\"3938\" \/>\n<input type=\"hidden\" name=\"_wpcf7_version\" value=\"6.0.6\" \/>\n<input type=\"hidden\" name=\"_wpcf7_locale\" value=\"es_ES\" \/>\n<input type=\"hidden\" name=\"_wpcf7_unit_tag\" value=\"wpcf7-f3938-o1\" \/>\n<input type=\"hidden\" name=\"_wpcf7_container_post\" value=\"0\" \/>\n<input type=\"hidden\" name=\"_wpcf7_posted_data_hash\" value=\"\" \/>\n<\/div>\n<div class=\"row\">\n\t<div style=\"padding: 0 10px 0 10px;\" class=\"wpb_column vc_column_container vc_col-sm-6\">\n\t\t<p><span class=\"wpcf7-form-control-wrap\" data-name=\"su-nombre\"><input size=\"40\" maxlength=\"400\" class=\"wpcf7-form-control wpcf7-text wpcf7-validates-as-required\" aria-required=\"true\" aria-invalid=\"false\" placeholder=\"Nombres*\" value=\"\" type=\"text\" name=\"su-nombre\" \/><\/span>\n\t\t<\/p>\n\t<\/div>\n\t<div style=\"padding: 0 10px 0 10px;\" class=\"wpb_column vc_column_container vc_col-sm-6\">\n\t\t<p><span class=\"wpcf7-form-control-wrap\" data-name=\"su-apellido\"><input size=\"40\" maxlength=\"400\" class=\"wpcf7-form-control wpcf7-text wpcf7-validates-as-required\" aria-required=\"true\" aria-invalid=\"false\" placeholder=\"Apellidos*\" value=\"\" type=\"text\" name=\"su-apellido\" \/><\/span>\n\t\t<\/p>\n\t<\/div>\n\t<div style=\"padding: 0 10px 0 10px;\" class=\"wpb_column vc_column_container vc_col-sm-6\">\n\t\t<p><span class=\"wpcf7-form-control-wrap\" data-name=\"su-tipoid\"><input size=\"40\" maxlength=\"400\" class=\"wpcf7-form-control wpcf7-text\" aria-invalid=\"false\" placeholder=\"Tipo de Identificaci\u00f3n\" value=\"\" type=\"text\" name=\"su-tipoid\" \/><\/span>\n\t\t<\/p>\n\t<\/div>\n\t<div style=\"padding: 0 10px 0 10px;\" class=\"wpb_column vc_column_container vc_col-sm-6\">\n\t\t<p><span class=\"wpcf7-form-control-wrap\" data-name=\"su-noid\"><input size=\"40\" maxlength=\"400\" class=\"wpcf7-form-control wpcf7-text\" aria-invalid=\"false\" placeholder=\"N\u00famero de Identificaci\u00f3n\" value=\"\" type=\"text\" name=\"su-noid\" \/><\/span>\n\t\t<\/p>\n\t<\/div>\n\t<div style=\"padding: 0 10px 0 10px;\" class=\"wpb_column vc_column_container vc_col-sm-6\">\n\t\t<p><span class=\"wpcf7-form-control-wrap\" data-name=\"su-edad\"><input size=\"40\" maxlength=\"400\" class=\"wpcf7-form-control wpcf7-text\" aria-invalid=\"false\" placeholder=\"Edad\" value=\"\" type=\"text\" name=\"su-edad\" \/><\/span>\n\t\t<\/p>\n\t<\/div>\n\t<div style=\"padding: 0 10px 0 10px;\" class=\"wpb_column vc_column_container vc_col-sm-6\">\n\t\t<p><span class=\"wpcf7-form-control-wrap\" data-name=\"su-genero\"><select class=\"wpcf7-form-control wpcf7-select wpcf7-validates-as-required\" aria-required=\"true\" aria-invalid=\"false\" name=\"su-genero\"><option value=\"Elija su Genero\">Elija su Genero<\/option><option value=\"Masculino\">Masculino<\/option><option value=\"Femenino\">Femenino<\/option><\/select><\/span>\n\t\t<\/p>\n\t<\/div>\n\t<div style=\"padding: 0 10px 0 10px;\" class=\"wpb_column vc_column_container vc_col-sm-12\">\n\t\t<p><span class=\"wpcf7-form-control-wrap\" data-name=\"su-direccion\"><input size=\"40\" maxlength=\"400\" class=\"wpcf7-form-control wpcf7-text wpcf7-validates-as-required\" aria-required=\"true\" aria-invalid=\"false\" placeholder=\"Direcci\u00f3n*\" value=\"\" type=\"text\" name=\"su-direccion\" \/><\/span>\n\t\t<\/p>\n\t<\/div>\n\t<div style=\"padding: 0 10px 0 10px;\" class=\"wpb_column vc_column_container vc_col-sm-6\">\n\t\t<p><span class=\"wpcf7-form-control-wrap\" data-name=\"su-telefono\"><input size=\"40\" maxlength=\"400\" class=\"wpcf7-form-control wpcf7-text wpcf7-validates-as-required\" aria-required=\"true\" aria-invalid=\"false\" placeholder=\"Telefono*\" value=\"\" type=\"text\" name=\"su-telefono\" \/><\/span>\n\t\t<\/p>\n\t<\/div>\n\t<div style=\"padding: 0 10px 0 10px;\" class=\"wpb_column vc_column_container vc_col-sm-6\">\n\t\t<p><span class=\"wpcf7-form-control-wrap\" data-name=\"su-email\"><input size=\"40\" maxlength=\"400\" class=\"wpcf7-form-control wpcf7-email wpcf7-validates-as-required wpcf7-text wpcf7-validates-as-email\" aria-required=\"true\" aria-invalid=\"false\" placeholder=\"Email*\" value=\"\" type=\"email\" name=\"su-email\" \/><\/span>\n\t\t<\/p>\n\t<\/div>\n\t<div style=\"padding: 20px 10px 0 10px;\" class=\"wpb_column vc_column_container vc_col-sm-12\">\n\t\t<h3 style=\"text-align:center;font-weight:bold;color:#148ba9;padding-bottom:20px;\"> Solicitud\n\t\t<\/h3>\n\t<\/div>\n\t<div style=\"padding: 0 10px 0 10px;\" class=\"wpb_column vc_column_container vc_col-sm-12\">\n\t\t<p><span class=\"wpcf7-form-control-wrap\" data-name=\"su-descripcion\"><textarea cols=\"40\" rows=\"10\" maxlength=\"2000\" class=\"wpcf7-form-control wpcf7-textarea wpcf7-validates-as-required\" aria-required=\"true\" aria-invalid=\"false\" placeholder=\"Descripci\u00f3n de la Solicitud\" name=\"su-descripcion\"><\/textarea><\/span>\n\t\t<\/p>\n\t<\/div>\n\t<div style=\"padding: 0 10px 0 10px;\" class=\"wpb_column vc_column_container vc_col-sm-6\">\n\t\t<p><span class=\"wpcf7-form-control-wrap\" data-name=\"su-ubicacion\"><input size=\"40\" maxlength=\"400\" class=\"wpcf7-form-control wpcf7-text wpcf7-validates-as-required\" aria-required=\"true\" aria-invalid=\"false\" placeholder=\"Ubicaci\u00f3n Exacta del Proyecto, incluyendo: aldea, municipio y departamento*\" value=\"\" type=\"text\" name=\"su-ubicacion\" \/><\/span>\n\t\t<\/p>\n\t<\/div>\n\t<div style=\"padding: 0 10px 0 10px;\" class=\"wpb_column vc_column_container vc_col-sm-6\">\n\t\t<p><span class=\"wpcf7-form-control-wrap\" data-name=\"su-refmiciv\"><input size=\"40\" maxlength=\"400\" class=\"wpcf7-form-control wpcf7-text wpcf7-validates-as-required\" aria-required=\"true\" aria-invalid=\"false\" placeholder=\"Referencia de hoja MICIV*\" value=\"\" type=\"text\" name=\"su-refmiciv\" \/><\/span>\n\t\t<\/p>\n\t<\/div>\n\t<div style=\"padding: 20px 10px 0 10px;\" class=\"wpb_column vc_column_container vc_col-sm-12\">\n\t\t<p style=\"text-align:left;font-weight:bold;color:#148ba9;\" > Escriba el c\u00f3digo para validar que es una persona y no un bot.<br \/>\n<input type=\"hidden\" name=\"_wpcf7_captcha_challenge_captcha-1\" value=\"4123522447\" \/><img loading=\"lazy\" decoding=\"async\" class=\"wpcf7-form-control wpcf7-captchac wpcf7-captcha-captcha-1\" width=\"72\" height=\"24\" alt=\"captcha\" src=\"https:\/\/fss.gob.gt\/es\/wp-content\/uploads\/wpcf7_captcha\/4123522447.png\" \/><span class=\"wpcf7-form-control-wrap\" data-name=\"captcha-1\"><input size=\"40\" class=\"wpcf7-form-control wpcf7-captchar\" autocomplete=\"off\" aria-invalid=\"false\" value=\"\" type=\"text\" name=\"captcha-1\" \/><\/span>\n\t\t<\/p>\n\t<\/div>\n\t<div style=\"padding: 20px 10px 0 10px;\" class=\"wpb_column vc_column_container vc_col-sm-12\">\n\t\t<p style=\"text-align:left;font-weight:bold;color:#148ba9;\" ><br \/>\nNOTA: La documentaci\u00f3n adicional al formulario debe enviarse al correo tramites@fss.gob.gt en el asunto deber\u00e1 contener el mismo n\u00famero de referencia del micivi.\n\t\t<\/p>\n\t<\/div>\n\t<div class=\"col-lg-12 col-md-12 col-xs-12\">\n\t\t<p><input class=\"wpcf7-form-control wpcf7-submit has-spinner\" type=\"submit\" value=\"ENVIAR\" \/>\n\t\t<\/p>\n\t<\/div>\n<\/div><p style=\"display: none !important;\" class=\"akismet-fields-container\" data-prefix=\"_wpcf7_ak_\"><label>&#916;<textarea name=\"_wpcf7_ak_hp_textarea\" cols=\"45\" rows=\"8\" maxlength=\"100\"><\/textarea><\/label><input type=\"hidden\" id=\"ak_js_1\" name=\"_wpcf7_ak_js\" value=\"27\"\/><script>document.getElementById( \"ak_js_1\" ).setAttribute( \"value\", ( new Date() ).getTime() );<\/script><\/p><div class=\"wpcf7-response-output\" aria-hidden=\"true\"><\/div>\n<\/form>\n<\/div>\n[\/vc_column_inner][\/vc_row_inner][\/vc_column][\/vc_row]<\/p>\n<\/div>","protected":false},"excerpt":{"rendered":"<p>[vc_row full_width=\u00bbstretch_row\u00bb content_placement=\u00bbmiddle\u00bb css=\u00bb.vc_custom_1657840024255{padding-top: 25px !important;padding-bottom: 55px !important;background-color: #eeeeee !important;}\u00bb][vc_column][vc_row_inner equal_height=\u00bbyes\u00bb content_placement=\u00bbmiddle\u00bb][vc_column_inner css=\u00bb.vc_custom_1575390506246{margin-top: 30px !important;margin-bottom: 30px !important;}\u00bb][\/vc_column_inner][\/vc_row_inner][\/vc_column][\/vc_row]<\/p>\n","protected":false},"author":1,"featured_media":0,"parent":0,"menu_order":10,"comment_status":"closed","ping_status":"closed","template":"","meta":{"footnotes":""},"class_list":["post-3939","page","type-page","status-publish","hentry","description-off"],"_links":{"self":[{"href":"https:\/\/fss.gob.gt\/es\/wp-json\/wp\/v2\/pages\/3939","targetHints":{"allow":["GET"]}}],"collection":[{"href":"https:\/\/fss.gob.gt\/es\/wp-json\/wp\/v2\/pages"}],"about":[{"href":"https:\/\/fss.gob.gt\/es\/wp-json\/wp\/v2\/types\/page"}],"author":[{"embeddable":true,"href":"https:\/\/fss.gob.gt\/es\/wp-json\/wp\/v2\/users\/1"}],"replies":[{"embeddable":true,"href":"https:\/\/fss.gob.gt\/es\/wp-json\/wp\/v2\/comments?post=3939"}],"version-history":[{"count":13,"href":"https:\/\/fss.gob.gt\/es\/wp-json\/wp\/v2\/pages\/3939\/revisions"}],"predecessor-version":[{"id":6389,"href":"https:\/\/fss.gob.gt\/es\/wp-json\/wp\/v2\/pages\/3939\/revisions\/6389"}],"wp:attachment":[{"href":"https:\/\/fss.gob.gt\/es\/wp-json\/wp\/v2\/media?parent=3939"}],"curies":[{"name":"wp","href":"https:\/\/api.w.org\/{rel}","templated":true}]}}