{"id":3987,"date":"2022-08-04T15:28:31","date_gmt":"2022-08-04T15:28:31","guid":{"rendered":"https:\/\/fss.gob.gt\/es\/?page_id=3987"},"modified":"2024-08-23T16:34:36","modified_gmt":"2024-08-23T22:34:36","slug":"instrucciones-solicitud","status":"publish","type":"page","link":"https:\/\/fss.gob.gt\/es\/instrucciones-solicitud\/","title":{"rendered":"Instrucciones para Solicitud de Informaci\u00f3n P\u00fablica"},"content":{"rendered":"<div class=\"wpb-content-wrapper\"><p>[vc_row content_placement=\u00bbmiddle\u00bb css=\u00bb.vc_custom_1575390546273{padding-top: 55px !important;padding-bottom: 55px !important;}\u00bb][vc_column][vc_row_inner equal_height=\u00bbyes\u00bb content_placement=\u00bbmiddle\u00bb][vc_column_inner css=\u00bb.vc_custom_1657912450648{background-position: center !important;background-repeat: no-repeat !important;background-size: cover !important;}\u00bb]<div id=\"ultimate-heading-392469e76964c71b4\" class=\"uvc-heading ult-adjust-bottom-margin ultimate-heading-392469e76964c71b4 uvc-3453  uvc-heading-default-font-sizes\" data-hspacer=\"no_spacer\"  data-halign=\"left\" style=\"text-align:left\"><div class=\"uvc-heading-spacer no_spacer\" style=\"top\"><\/div><div class=\"uvc-sub-heading ult-responsive\"  data-ultimate-target='.uvc-heading.ultimate-heading-392469e76964c71b4 .uvc-sub-heading '  data-responsive-json-new='{\"font-size\":\"desktop:34px;\",\"line-height\":\"desktop:44px;\"}'  style=\"font-weight:bold;color:#222222;margin-bottom:30px;\"><\/p>\n<h3>1. FORMULARIO:<\/h3>\n<p><\/div><\/div>[vc_column_text]El formulario electr\u00f3nico incluye campos importantes los cuales tienen como objetivo obtener informaci\u00f3n para fines estad\u00edsticos, para contactarle y as\u00ed brindarle la informaci\u00f3n solicitada.[\/vc_column_text]<div id=\"ultimate-heading-385269e76964c7214\" class=\"uvc-heading ult-adjust-bottom-margin ultimate-heading-385269e76964c7214 uvc-1705  uvc-heading-default-font-sizes\" data-hspacer=\"no_spacer\"  data-halign=\"left\" style=\"text-align:left\"><div class=\"uvc-heading-spacer no_spacer\" style=\"top\"><\/div><div class=\"uvc-sub-heading ult-responsive\"  data-ultimate-target='.uvc-heading.ultimate-heading-385269e76964c7214 .uvc-sub-heading '  data-responsive-json-new='{\"font-size\":\"desktop:34px;\",\"line-height\":\"desktop:44px;\"}'  style=\"font-weight:bold;color:#222222;margin-bottom:30px;\"><\/p>\n<h3>2. INFORMACI\u00d3N CLARA Y PRECISA:<\/h3>\n<p><\/div><\/div>[vc_column_text]Con el fin de brindarle un mejor servicio se recomienda redactar de forma clara y precisa la informaci\u00f3n que solicita y agregar cualquier dato que considere importante proporcionar.[\/vc_column_text]<div id=\"ultimate-heading-376669e76964c724d\" class=\"uvc-heading ult-adjust-bottom-margin ultimate-heading-376669e76964c724d uvc-3614  uvc-heading-default-font-sizes\" data-hspacer=\"no_spacer\"  data-halign=\"left\" style=\"text-align:left\"><div class=\"uvc-heading-spacer no_spacer\" style=\"top\"><\/div><div class=\"uvc-sub-heading ult-responsive\"  data-ultimate-target='.uvc-heading.ultimate-heading-376669e76964c724d .uvc-sub-heading '  data-responsive-json-new='{\"font-size\":\"desktop:34px;\",\"line-height\":\"desktop:44px;\"}'  style=\"font-weight:bold;color:#222222;margin-bottom:30px;\"><\/p>\n<h3>3. GRATUIDAD Y COSTOS DE REPRODUCCI\u00d3N:<\/h3>\n<p><\/div><\/div>[vc_column_text]El acceso a la informaci\u00f3n p\u00fablica del Fondo Social de Solidaridad es gratuito y s\u00f3lo cuando aplique podr\u00e1n cobrarse los gastos de reproducci\u00f3n de la informaci\u00f3n solicitada en los t\u00e9rminos previstos en el art\u00edculo 18 de la Ley de Acceso a la Informaci\u00f3n P\u00fablica.[\/vc_column_text]<div id=\"ultimate-heading-456169e76964c7281\" class=\"uvc-heading ult-adjust-bottom-margin ultimate-heading-456169e76964c7281 uvc-2907  uvc-heading-default-font-sizes\" data-hspacer=\"no_spacer\"  data-halign=\"left\" style=\"text-align:left\"><div class=\"uvc-heading-spacer no_spacer\" style=\"top\"><\/div><div class=\"uvc-sub-heading ult-responsive\"  data-ultimate-target='.uvc-heading.ultimate-heading-456169e76964c7281 .uvc-sub-heading '  data-responsive-json-new='{\"font-size\":\"desktop:34px;\",\"line-height\":\"desktop:44px;\"}'  style=\"font-weight:bold;color:#222222;margin-bottom:30px;\"><\/p>\n<h3>4. PLAZO PARA LA RESPUESTA:<\/h3>\n<p><\/div><\/div>[vc_column_text]Una vez recibida su solicitud se cuenta con un plazo de hasta diez d\u00edas h\u00e1biles para dar una respuesta entregando, negando total o parcialmente la informaci\u00f3n cuando se trate de confidencial o reservada, o bien expresando su inexistencia. Eventualmente, cuando el volumen y la extensi\u00f3n lo justifiquen, la Unidad de Informaci\u00f3n P\u00fablica requerir\u00e1 una pr\u00f3rroga por hasta diez d\u00edas m\u00e1s para atender el requerimiento.[\/vc_column_text]<div id=\"ultimate-heading-857269e76964c72b1\" class=\"uvc-heading ult-adjust-bottom-margin ultimate-heading-857269e76964c72b1 uvc-6845  uvc-heading-default-font-sizes\" data-hspacer=\"no_spacer\"  data-halign=\"left\" style=\"text-align:left\"><div class=\"uvc-heading-spacer no_spacer\" style=\"top\"><\/div><div class=\"uvc-sub-heading ult-responsive\"  data-ultimate-target='.uvc-heading.ultimate-heading-857269e76964c72b1 .uvc-sub-heading '  data-responsive-json-new='{\"font-size\":\"desktop:34px;\",\"line-height\":\"desktop:44px;\"}'  style=\"font-weight:bold;color:#222222;margin-bottom:30px;\"><\/p>\n<h3>5. ENTREGA DE LA INFORMACI\u00d3N:<\/h3>\n<p><\/div><\/div>[vc_column_text]La informaci\u00f3n estar\u00e1 disponible para su entrega desde el momento que le sea notificado al correo electr\u00f3nico que se indic\u00f3 en la solicitud; se le recomienda que solicite expresamente la forma en que desea que le sea entregada la informaci\u00f3n, esta puede ser: a) f\u00edsicamente (impresa en papel), b) Digital en formato pdf y\/o editable (cuando la informaci\u00f3n lo permita).[\/vc_column_text]<div id=\"ultimate-heading-748969e76964c730b\" class=\"uvc-heading ult-adjust-bottom-margin ultimate-heading-748969e76964c730b uvc-9054  uvc-heading-default-font-sizes\" data-hspacer=\"no_spacer\"  data-halign=\"left\" style=\"text-align:left\"><div class=\"uvc-heading-spacer no_spacer\" style=\"top\"><\/div><div class=\"uvc-sub-heading ult-responsive\"  data-ultimate-target='.uvc-heading.ultimate-heading-748969e76964c730b .uvc-sub-heading '  data-responsive-json-new='{\"font-size\":\"desktop:34px;\",\"line-height\":\"desktop:44px;\"}'  style=\"font-weight:bold;color:#222222;margin-bottom:30px;\"><\/p>\n<h3>6. USO Y DIFUSI\u00d3N DE INFORMACI\u00d3N:<\/h3>\n<p><\/div><\/div>[vc_column_text]De conformidad con el Art\u00edculo 15 de la Ley de Acceso a la Informaci\u00f3n P\u00fablica los interesados tendr\u00e1n responsabilidad, penal y civil por el uso, manejo o difusi\u00f3n de la informaci\u00f3n p\u00fablica a la que tengan acceso.[\/vc_column_text][\/vc_column_inner][\/vc_row_inner][\/vc_column][\/vc_row]<\/p>\n<\/div>","protected":false},"excerpt":{"rendered":"<p>[vc_row content_placement=\u00bbmiddle\u00bb css=\u00bb.vc_custom_1575390546273{padding-top: 55px !important;padding-bottom: 55px !important;}\u00bb][vc_column][vc_row_inner equal_height=\u00bbyes\u00bb content_placement=\u00bbmiddle\u00bb][vc_column_inner css=\u00bb.vc_custom_1657912450648{background-position: center !important;background-repeat: no-repeat !important;background-size: cover !important;}\u00bb][vc_column_text]El formulario electr\u00f3nico incluye campos importantes los cuales tienen como objetivo obtener informaci\u00f3n para fines estad\u00edsticos, para contactarle y as\u00ed brindarle la informaci\u00f3n solicitada.[\/vc_column_text][vc_column_text]Con el fin de brindarle un mejor servicio se recomienda redactar de forma clara y precisa la&hellip;<\/p>\n","protected":false},"author":1,"featured_media":0,"parent":0,"menu_order":10,"comment_status":"closed","ping_status":"closed","template":"","meta":{"footnotes":""},"class_list":["post-3987","page","type-page","status-publish","hentry","description-off"],"_links":{"self":[{"href":"https:\/\/fss.gob.gt\/es\/wp-json\/wp\/v2\/pages\/3987","targetHints":{"allow":["GET"]}}],"collection":[{"href":"https:\/\/fss.gob.gt\/es\/wp-json\/wp\/v2\/pages"}],"about":[{"href":"https:\/\/fss.gob.gt\/es\/wp-json\/wp\/v2\/types\/page"}],"author":[{"embeddable":true,"href":"https:\/\/fss.gob.gt\/es\/wp-json\/wp\/v2\/users\/1"}],"replies":[{"embeddable":true,"href":"https:\/\/fss.gob.gt\/es\/wp-json\/wp\/v2\/comments?post=3987"}],"version-history":[{"count":10,"href":"https:\/\/fss.gob.gt\/es\/wp-json\/wp\/v2\/pages\/3987\/revisions"}],"predecessor-version":[{"id":6945,"href":"https:\/\/fss.gob.gt\/es\/wp-json\/wp\/v2\/pages\/3987\/revisions\/6945"}],"wp:attachment":[{"href":"https:\/\/fss.gob.gt\/es\/wp-json\/wp\/v2\/media?parent=3987"}],"curies":[{"name":"wp","href":"https:\/\/api.w.org\/{rel}","templated":true}]}}