{"id":4267,"date":"2022-09-23T22:13:03","date_gmt":"2022-09-23T22:13:03","guid":{"rendered":"https:\/\/fss.gob.gt\/es\/?page_id=4267"},"modified":"2022-09-23T22:13:03","modified_gmt":"2022-09-23T22:13:03","slug":"transparencia-activa","status":"publish","type":"page","link":"https:\/\/fss.gob.gt\/es\/transparencia-activa\/","title":{"rendered":"Transparencia Activa"},"content":{"rendered":"<div class=\"wpb-content-wrapper\"><p>[vc_row type=\u00bbvc_default\u00bb css=\u00bb.vc_custom_1655908064087{padding-top: 50px !important;padding-bottom: 60px !important;}\u00bb][vc_column offset=\u00bbvc_col-lg-12 vc_col-md-12 vc_col-xs-12&#8243;]<div id=\"ultimate-heading-360869e105a1f0c95\" class=\"uvc-heading ult-adjust-bottom-margin ultimate-heading-360869e105a1f0c95 uvc-4838 accent-border-color\" data-hspacer=\"line_only\"  data-halign=\"left\" style=\"text-align:left\"><div class=\"uvc-main-heading ult-responsive\"  data-ultimate-target='.uvc-heading.ultimate-heading-360869e105a1f0c95 h2'  data-responsive-json-new='{\"font-size\":\"desktop:26px;\",\"line-height\":\"desktop:36px;\"}' ><h2 style=\"font-weight:bold;\">Esta secci\u00f3n contiene informaci\u00f3n complementaria a la Ley de Acceso a la Informaci\u00f3n.<\/h2><\/div><div class=\"uvc-heading-spacer line_only\" style=\"margin-top:15px;margin-bottom:40px;height:4px;\"><span class=\"uvc-headings-line\" style=\"border-style:solid;border-bottom-width:4px;border-color:;width:50px;\"><\/span><\/div><\/div>[\/vc_column][\/vc_row][vc_row full_width=\u00bbstretch_row\u00bb content_placement=\u00bbmiddle\u00bb css=\u00bb.vc_custom_1655906385916{padding-top: 50px !important;padding-bottom: 30px !important;background-color: rgba(0,0,0,0.04) !important;*background-color: rgb(0,0,0) !important;}\u00bb][vc_column offset=\u00bbvc_col-lg-4 vc_col-md-12&#8243; css=\u00bb.vc_custom_1575378589868{padding-bottom: 20px !important;}\u00bb]<div id=\"ultimate-heading-786669e105a1f0cef\" class=\"uvc-heading ult-adjust-bottom-margin ultimate-heading-786669e105a1f0cef uvc-2709  uvc-heading-default-font-sizes\" data-hspacer=\"no_spacer\"  data-halign=\"center\" style=\"text-align:center\"><div class=\"uvc-heading-spacer no_spacer\" style=\"top\"><\/div><div class=\"uvc-main-heading ult-responsive\"  data-ultimate-target='.uvc-heading.ultimate-heading-786669e105a1f0cef h2'  data-responsive-json-new='{\"font-size\":\"\",\"line-height\":\"\"}' ><h2 style=\"font-weight:bold;margin-bottom:0px;\">\u00bfNecesita m\u00e1s informaci\u00f3n?<\/h2><\/div><\/div>[\/vc_column][vc_column offset=\u00bbvc_col-lg-4 vc_col-md-12&#8243; css=\u00bb.vc_custom_1575378595138{padding-bottom: 20px !important;}\u00bb]<div id=\"ultimate-heading-898869e105a1f0d2e\" class=\"uvc-heading ult-adjust-bottom-margin ultimate-heading-898869e105a1f0d2e uvc-2078 \" data-hspacer=\"no_spacer\"  data-halign=\"center\" style=\"text-align:center\"><div class=\"uvc-heading-spacer no_spacer\" style=\"top\"><\/div><div class=\"uvc-main-heading ult-responsive\"  data-ultimate-target='.uvc-heading.ultimate-heading-898869e105a1f0d2e h2'  data-responsive-json-new='{\"font-size\":\"desktop:24px;\",\"line-height\":\"desktop:34px;\"}' ><h2 style=\"font-weight:bold;\">(502) 2322-8200<\/h2><\/div><div class=\"uvc-sub-heading ult-responsive\"  data-ultimate-target='.uvc-heading.ultimate-heading-898869e105a1f0d2e .uvc-sub-heading '  data-responsive-json-new='{\"font-size\":\"desktop:20px;\",\"line-height\":\"desktop:30px;\"}'  style=\"font-weight:normal;color:#148ba9;\">info@fss.gob.gt<\/div><\/div>[\/vc_column][vc_column offset=\u00bbvc_col-lg-4 vc_col-md-12 vc_col-xs-12&#8243; css=\u00bb.vc_custom_1575378844390{padding-bottom: 20px !important;}\u00bb]<style type=\"text\/css\" data-type=\"the7_shortcodes-inline-css\">#default-btn-b193d82d68bb78a7f037a2036358d6e0 {\n  border-radius: 100px;\n  font-size: 16px;\n  line-height: 18px;\n}\n.btn-shadow#default-btn-b193d82d68bb78a7f037a2036358d6e0 {\n  box-shadow: 0 1px 6px rgba(0,0,0,0.12);\n  transition: box-shadow 0.2s ease-out, opacity 0.45s;\n}\n.btn-shadow#default-btn-b193d82d68bb78a7f037a2036358d6e0:hover {\n  box-shadow: 0 5px 11px 0 rgba(0,0,0,0.18), 0 4px 15px 0 rgba(0,0,0,0.15);\n}\n.btn-flat#default-btn-b193d82d68bb78a7f037a2036358d6e0 {\n  box-shadow: none;\n}\n.btn-flat#default-btn-b193d82d68bb78a7f037a2036358d6e0:hover {\n  box-shadow: none;\n}\n#default-btn-b193d82d68bb78a7f037a2036358d6e0.ico-right-side > i {\n  margin-right: 0px;\n  margin-left: 8px;\n}\n#default-btn-b193d82d68bb78a7f037a2036358d6e0 > i {\n  margin-right: 8px;\n  font-size: 16px;\n}\n#default-btn-b193d82d68bb78a7f037a2036358d6e0:not(:hover) {\n  border-width: 0px;\n  color: #ffffff;\n  padding: 19px 13px 19px 13px;\n}\n#default-btn-b193d82d68bb78a7f037a2036358d6e0:not(:hover) * {\n  color: #ffffff;\n}\n#default-btn-b193d82d68bb78a7f037a2036358d6e0:hover {\n  border-width: 0px;\n  color: #ffffff;\n  padding: 19px 13px 19px 13px;\n}\n#default-btn-b193d82d68bb78a7f037a2036358d6e0:hover * {\n  color: #ffffff;\n}\n#default-btn-b193d82d68bb78a7f037a2036358d6e0.ico-right-side > i {\n  margin-right: 0px;\n  margin-left: 8px;\n}\n#default-btn-b193d82d68bb78a7f037a2036358d6e0 > i {\n  margin-right: 8px;\n}\n<\/style><div class=\"btn-align-center\"><a href=\"#\" class=\"default-btn-shortcode dt-btn link-hover-off ico-right-side btn-flat \" id=\"default-btn-b193d82d68bb78a7f037a2036358d6e0\" style=\"width:240px;\"><span>Escr\u00edbanos<\/span><i class=\"icomoon-the7-font-the7-mail-011\"><\/i><\/a><\/div>[\/vc_column][\/vc_row]<\/p>\n<\/div>","protected":false},"excerpt":{"rendered":"<p>[vc_row type=\u00bbvc_default\u00bb css=\u00bb.vc_custom_1655908064087{padding-top: 50px !important;padding-bottom: 60px !important;}\u00bb][vc_column offset=\u00bbvc_col-lg-12 vc_col-md-12 vc_col-xs-12&#8243;][\/vc_column][\/vc_row][vc_row full_width=\u00bbstretch_row\u00bb content_placement=\u00bbmiddle\u00bb css=\u00bb.vc_custom_1655906385916{padding-top: 50px !important;padding-bottom: 30px !important;background-color: rgba(0,0,0,0.04) !important;*background-color: rgb(0,0,0) !important;}\u00bb][vc_column offset=\u00bbvc_col-lg-4 vc_col-md-12&#8243; css=\u00bb.vc_custom_1575378589868{padding-bottom: 20px !important;}\u00bb][\/vc_column][vc_column offset=\u00bbvc_col-lg-4 vc_col-md-12&#8243; css=\u00bb.vc_custom_1575378595138{padding-bottom: 20px !important;}\u00bb][\/vc_column][vc_column offset=\u00bbvc_col-lg-4 vc_col-md-12 vc_col-xs-12&#8243; css=\u00bb.vc_custom_1575378844390{padding-bottom: 20px !important;}\u00bb][\/vc_column][\/vc_row]<\/p>\n","protected":false},"author":1,"featured_media":0,"parent":0,"menu_order":10,"comment_status":"closed","ping_status":"closed","template":"","meta":{"footnotes":""},"class_list":["post-4267","page","type-page","status-publish","hentry","description-off"],"_links":{"self":[{"href":"https:\/\/fss.gob.gt\/es\/wp-json\/wp\/v2\/pages\/4267","targetHints":{"allow":["GET"]}}],"collection":[{"href":"https:\/\/fss.gob.gt\/es\/wp-json\/wp\/v2\/pages"}],"about":[{"href":"https:\/\/fss.gob.gt\/es\/wp-json\/wp\/v2\/types\/page"}],"author":[{"embeddable":true,"href":"https:\/\/fss.gob.gt\/es\/wp-json\/wp\/v2\/users\/1"}],"replies":[{"embeddable":true,"href":"https:\/\/fss.gob.gt\/es\/wp-json\/wp\/v2\/comments?post=4267"}],"version-history":[{"count":1,"href":"https:\/\/fss.gob.gt\/es\/wp-json\/wp\/v2\/pages\/4267\/revisions"}],"predecessor-version":[{"id":4268,"href":"https:\/\/fss.gob.gt\/es\/wp-json\/wp\/v2\/pages\/4267\/revisions\/4268"}],"wp:attachment":[{"href":"https:\/\/fss.gob.gt\/es\/wp-json\/wp\/v2\/media?parent=4267"}],"curies":[{"name":"wp","href":"https:\/\/api.w.org\/{rel}","templated":true}]}}