{"id":4271,"date":"2022-09-25T17:00:02","date_gmt":"2022-09-25T17:00:02","guid":{"rendered":"https:\/\/fss.gob.gt\/es\/?page_id=4271"},"modified":"2023-06-22T13:48:37","modified_gmt":"2023-06-22T19:48:37","slug":"instructivo","status":"publish","type":"page","link":"https:\/\/fss.gob.gt\/es\/instructivo\/","title":{"rendered":"Instructivo"},"content":{"rendered":"<div class=\"wpb-content-wrapper\"><p>[vc_row full_width=\u00bbstretch_row\u00bb content_placement=\u00bbmiddle\u00bb css=\u00bb.vc_custom_1657840024255{padding-top: 25px !important;padding-bottom: 55px !important;background-color: #eeeeee !important;}\u00bb][vc_column][vc_row_inner][vc_column_inner]<div id=\"ultimate-heading-868869fb5ea905ac3\" class=\"uvc-heading ult-adjust-bottom-margin ultimate-heading-868869fb5ea905ac3 uvc-8311  uvc-heading-default-font-sizes\" data-hspacer=\"no_spacer\"  data-halign=\"left\" style=\"text-align:left\"><div class=\"uvc-heading-spacer no_spacer\" style=\"top\"><\/div><div class=\"uvc-main-heading ult-responsive\"  data-ultimate-target='.uvc-heading.ultimate-heading-868869fb5ea905ac3 h3'  data-responsive-json-new='{\"font-size\":\"\",\"line-height\":\"\"}' ><h3 style=\"font-weight:bold;color:#148ba9;margin-bottom:20px;\">Ley de Requisitos y Tramites Administrativos<\/h3><\/div><\/div>[vc_column_text]El Fondo Social Solidaridad a traves del Decreto 5-2021 \u00abLa presente ley tiene por objeto modernizar la gesti\u00f3n administrativa por medio de la simplificaci\u00f3n, agilizaci\u00f3n y digitalizaci\u00f3n de tr\u00e1mites administrativos, utilizando las tecnolog\u00edas de la informaci\u00f3n y comunicaci\u00f3n para facilitar la interacci\u00f3n entre personas individuales o jur\u00eddicas y dependencias del Estado.\u00bb<\/p>\n<p>Se proporciorna un instructivo de como realizar las solicitudes del Requerimiento Municipales[\/vc_column_text][\/vc_column_inner][\/vc_row_inner][\/vc_column][\/vc_row]<\/p>\n<div align=\"center\"><iframe loading=\"lazy\" title=\"YouTube video player\" src=\"https:\/\/www.youtube.com\/embed\/ZmIjvf8Zcv4\" width=\"913\" height=\"514\" frameborder=\"0\" align=\"center\" allowfullscreen=\"allowfullscreen\"><\/iframe><\/div>\n<p>&nbsp;<\/p>\n<p>&nbsp;<\/p>\n<\/div>","protected":false},"excerpt":{"rendered":"<p>[vc_row full_width=\u00bbstretch_row\u00bb content_placement=\u00bbmiddle\u00bb css=\u00bb.vc_custom_1657840024255{padding-top: 25px !important;padding-bottom: 55px !important;background-color: #eeeeee !important;}\u00bb][vc_column][vc_row_inner][vc_column_inner][vc_column_text]El Fondo Social Solidaridad a traves del Decreto 5-2021 \u00abLa presente ley tiene por objeto modernizar la gesti\u00f3n administrativa por medio de la simplificaci\u00f3n, agilizaci\u00f3n y digitalizaci\u00f3n de tr\u00e1mites administrativos, utilizando las tecnolog\u00edas de la informaci\u00f3n y comunicaci\u00f3n para facilitar la interacci\u00f3n entre personas individuales o&hellip;<\/p>\n","protected":false},"author":1,"featured_media":0,"parent":0,"menu_order":10,"comment_status":"closed","ping_status":"closed","template":"","meta":{"footnotes":""},"class_list":["post-4271","page","type-page","status-publish","hentry","description-off"],"_links":{"self":[{"href":"https:\/\/fss.gob.gt\/es\/wp-json\/wp\/v2\/pages\/4271","targetHints":{"allow":["GET"]}}],"collection":[{"href":"https:\/\/fss.gob.gt\/es\/wp-json\/wp\/v2\/pages"}],"about":[{"href":"https:\/\/fss.gob.gt\/es\/wp-json\/wp\/v2\/types\/page"}],"author":[{"embeddable":true,"href":"https:\/\/fss.gob.gt\/es\/wp-json\/wp\/v2\/users\/1"}],"replies":[{"embeddable":true,"href":"https:\/\/fss.gob.gt\/es\/wp-json\/wp\/v2\/comments?post=4271"}],"version-history":[{"count":30,"href":"https:\/\/fss.gob.gt\/es\/wp-json\/wp\/v2\/pages\/4271\/revisions"}],"predecessor-version":[{"id":4957,"href":"https:\/\/fss.gob.gt\/es\/wp-json\/wp\/v2\/pages\/4271\/revisions\/4957"}],"wp:attachment":[{"href":"https:\/\/fss.gob.gt\/es\/wp-json\/wp\/v2\/media?parent=4271"}],"curies":[{"name":"wp","href":"https:\/\/api.w.org\/{rel}","templated":true}]}}